{"id":3,"date":"2024-10-01T14:04:14","date_gmt":"2024-10-01T12:04:14","guid":{"rendered":"https:\/\/new.erfolg.sk\/?page_id=3"},"modified":"2026-02-06T10:38:39","modified_gmt":"2026-02-06T09:38:39","slug":"ochrana-sukromia","status":"publish","type":"page","link":"https:\/\/www.erfolg.sk\/sk\/ochrana-sukromia\/","title":{"rendered":"Z\u00e1sady ochrany osobn\u00fdch \u00fadajov"},"content":{"rendered":"\n<p><strong>ERFOLG s.r.o.<\/strong><\/p>\n\n\n\n<p>Hlavn\u00e1 686\/114, Kr\u00e1\u013eovsk\u00fd Chlmec 077 01<\/p>\n\n\n\n<p>I\u010cO: 36608441<\/p>\n\n\n\n<p>spolo\u010dnos\u0165 zap\u00edsan\u00e1 v Obchodnom registri Mestsk\u00e9ho s\u00fadu Ko\u0161ice,<br>Oddiel: Sro, Vlo\u017eka \u010d.: 18247\/V, (\u010falej len \u201eERFOLG s.r.o.\u201c)<\/p>\n\n\n\n<h2 class=\"wp-block-heading\">Z\u00e1sady ochrany osobn\u00fdch \u00fadajov<\/h2>\n\n\n\n<p>ERFOLG s.r.o. re\u0161pektuje s\u00fakromie v\u0161etk\u00fdch dotknut\u00fdch os\u00f4b, s ktor\u00fdmi sme v kontakte; bez oh\u013eadu na to, \u010di osobn\u00e9 \u00fadaje spracov\u00e1vame sami alebo in\u00fdmi stranami. Je pre n\u00e1s d\u00f4le\u017eit\u00e9, aby ka\u017ed\u00fd ch\u00e1pal, ktor\u00e9 osobn\u00e9 \u00fadaje o V\u00e1s spracov\u00e1vame, pre\u010do to rob\u00edme a ak\u00e9 s\u00fa va\u0161e pr\u00e1va. Preto V\u00e1s vyz\u00fdvame, aby ste si pre\u010d\u00edtali tieto Z\u00e1sady ochrany osobn\u00fdch \u00fadajov, ktor\u00e9 V\u00e1m poskytn\u00fa viac inform\u00e1ci\u00ed o spracovan\u00ed Va\u0161ich osobn\u00fdch \u00fadajov spolo\u010dnos\u0165ou ERFOLG s.r.o.<\/p>\n\n\n\n<p>Tieto Z\u00e1sady ochrany osobn\u00fdch \u00fadajov ur\u010duj\u00fa, ako spracov\u00e1vame Va\u0161e osobn\u00e9 \u00fadaje pri vykon\u00e1van\u00ed \u010dinnost\u00ed v postaven\u00ed prev\u00e1dzkovate\u013ea alebo sprostredkovate\u013ea.<\/p>\n\n\n\n<p>Toto vyhl\u00e1senie m\u00f4\u017eeme z \u010dasu na \u010das aktualizova\u0165 aj bez upozornenia. Preto V\u00e1s \u017eiadame, aby ste sa pravidelne oboznamovali s jeho znen\u00edm. T\u00e1to verzia vyhl\u00e1senia bola vydan\u00e1 d\u0148a 07. 01. 2025.<\/p>\n\n\n\n<p>Osobn\u00e9 \u00fadaje o V\u00e1s m\u00f4\u017eeme spracov\u00e1va\u0165 r\u00f4znymi sp\u00f4sobmi a v r\u00f4znych situ\u00e1ci\u00e1ch v z\u00e1vislosti od toho, \u010di ste klient, z\u00e1kazn\u00edk, dod\u00e1vate\u013e alebo \u017eiadate\u013e o&nbsp;zamestnanie alebo zamestnanec. M\u00f4\u017eeme tie\u017e spracov\u00e1va\u0165 osobn\u00e9 \u00fadaje o n\u00e1v\u0161tevn\u00edkoch na\u0161ej webovej str\u00e1nky\/str\u00e1nok, v z\u00e1vislosti od toho, ako sa s nami rozhodnete komunikova\u0165. Bez oh\u013eadu na situ\u00e1ciu s\u013eubujeme, \u017ee Va\u0161e osobn\u00e9 \u00fadaje nikdy nepred\u00e1me, neskomercializujeme ani nepou\u017eijeme v rozpore s platn\u00fdmi predpismi na ochranu \u00fadajov.<\/p>\n\n\n\n<p>Spolo\u010dnos\u0165 ERFOLG s.r.o. re\u0161pektuje va\u0161e s\u00fakromie, bez oh\u013eadu na to, \u010di Va\u0161e osobn\u00e9 \u00fadaje spracov\u00e1vame sami alebo v mene in\u00fdch str\u00e1n. Pre n\u00e1s je d\u00f4le\u017eit\u00e9, aby ste ch\u00e1pali, ak\u00e9 osobn\u00e9 \u00fadaje o V\u00e1s spracov\u00e1vame, pre\u010do to rob\u00edme a ak\u00e9 s\u00fa Va\u0161e pr\u00e1va. Preto V\u00e1s vyz\u00fdvame, aby ste si pre\u010d\u00edtali tieto Z\u00e1sady ochrany osobn\u00fdch \u00fadajov, ktor\u00e9 V\u00e1m poskytn\u00fa viac inform\u00e1ci\u00ed o spracovan\u00ed Va\u0161ich osobn\u00fdch \u00fadajov spolo\u010dnos\u0165ou ERFOLG s.r.o.<\/p>\n\n\n\n<h2 class=\"wp-block-heading\">Detailn\u00e9 inform\u00e1cie<\/h2>\n\n\n\n<p>Ak ste&nbsp;<strong>b\u00fdval\u00ed zamestnanci<\/strong>, podrobnej\u0161ie inform\u00e1cie o spracov\u00e1van\u00ed Va\u0161ich \u00fadajov m\u00f4\u017eete n\u00e1js\u0165 v sekcii&nbsp;<a href=\"https:\/\/www.appgdpr.sk\/doc\/01JZ2-YNS37-ZWPD-Z3GH-9SNS-T2MK\/DIP\">Vyhl\u00e1senie o ochrane s\u00fakromia \u2013 b\u00fdval\u00ed zamestnanci<\/a>.<\/p>\n\n\n\n<p>Ak ste&nbsp;<strong>dod\u00e1vatelia<\/strong>, podrobnej\u0161ie inform\u00e1cie o spracov\u00e1van\u00ed Va\u0161ich \u00fadajov m\u00f4\u017eete n\u00e1js\u0165 v sekcii&nbsp;<a href=\"https:\/\/www.appgdpr.sk\/doc\/01JZ2-YQ2Q8-K10F-MVZD-3T4B-JR6X\/DIP\">Vyhl\u00e1senie o ochrane s\u00fakromia \u2013 dod\u00e1vatelia<\/a>.<\/p>\n\n\n\n<p>Ak ste&nbsp;<strong>n\u00e1v\u0161tevy<\/strong>, podrobnej\u0161ie inform\u00e1cie o spracov\u00e1van\u00ed Va\u0161ich \u00fadajov m\u00f4\u017eete n\u00e1js\u0165 v sekcii&nbsp;<a href=\"https:\/\/www.appgdpr.sk\/doc\/01JZ2-YQQJM-MJ3Y-T48Q-JADK-4C02\/DIP%20Vyhl%C3%A1senie%20o%20ochrane%20s%C3%BAkromia%20-%20n%C3%A1v%C5%A1tevy.html\">Vyhl\u00e1senie o ochrane s\u00fakromia \u2013 n\u00e1v\u0161tevy<\/a>.<\/p>\n\n\n\n<p>Ak ste&nbsp;<strong>potencion\u00e1lni z\u00e1kazn\u00edci<\/strong>, podrobnej\u0161ie inform\u00e1cie o spracov\u00e1van\u00ed Va\u0161ich \u00fadajov m\u00f4\u017eete n\u00e1js\u0165 v sekcii&nbsp;<a href=\"https:\/\/www.appgdpr.sk\/doc\/01JZ2-YPDZ0-ESHN-0D9H-ARZ5-CVQZ\/DIP%20Vyhl%C3%A1senie%20o%20ochrane%20s%C3%BAkromia%20-%20potenci%C3%A1lni%20z%C3%A1kazn%C3%ADci.html\">Vyhl\u00e1senie o ochrane s\u00fakromia \u2013 potencion\u00e1lni z\u00e1kazn\u00edci<\/a>.<\/p>\n\n\n\n<p>Ak ste&nbsp;<strong>s\u00fa\u0165a\u017eiaci<\/strong>, podrobnej\u0161ie inform\u00e1cie o spracov\u00e1van\u00ed Va\u0161ich \u00fadajov m\u00f4\u017eete n\u00e1js\u0165 v sekcii&nbsp;<a href=\"https:\/\/www.appgdpr.sk\/doc\/01JZ2-YR1X3-AP94-4032-CB13-R7TA\/DIP\">Vyhl\u00e1senie o ochrane s\u00fakromia \u2013 s\u00fa\u0165a\u017eiaci<\/a>.<\/p>\n\n\n\n<p>Ak ste&nbsp;<strong>uch\u00e1dza\u010di o zamestnanie<\/strong>, podrobnej\u0161ie inform\u00e1cie o spracov\u00e1van\u00ed Va\u0161ich \u00fadajov m\u00f4\u017eete n\u00e1js\u0165 v sekcii&nbsp;<a href=\"https:\/\/www.appgdpr.sk\/doc\/01JZ2-YMSEC-3T9F-S9NW-J70H-DABY\/DIP%20Vyhl%C3%A1senie%20o%20ochrane%20s%C3%BAkromia%20-%20uch%C3%A1dza%C4%8Di%20o%20zamestnanie.html\">Vyhl\u00e1senie o ochrane s\u00fakromia \u2013 uch\u00e1dza\u010di o zamestnanie<\/a>.<\/p>\n\n\n\n<p>Ak ste&nbsp;<strong>zamestnanci<\/strong>, podrobnej\u0161ie inform\u00e1cie o spracov\u00e1van\u00ed Va\u0161ich \u00fadajov m\u00f4\u017eete n\u00e1js\u0165 v sekcii&nbsp;<a href=\"https:\/\/www.appgdpr.sk\/doc\/01JZ2-YN3W3-PDEA-3P0G-EXCH-HRDG\/DIP\">Vyhl\u00e1senie o ochrane s\u00fakromia \u2013 zamestnanci<\/a>.<\/p>\n\n\n\n<p>Ak ste&nbsp;<strong>z\u00e1kazn\u00edci<\/strong>, podrobnej\u0161ie inform\u00e1cie o spracov\u00e1van\u00ed Va\u0161ich \u00fadajov m\u00f4\u017eete n\u00e1js\u0165 v sekcii&nbsp;<a href=\"https:\/\/www.appgdpr.sk\/doc\/01JZ2-YP3FX-1FND-F3CQ-8VZJ-K9CJ\/DIP%20Vyhl%C3%A1senie%20o%20ochrane%20s%C3%BAkromia%20-%20z%C3%A1kazn%C3%ADci.html\">Vyhl\u00e1senie o ochrane s\u00fakromia \u2013 z\u00e1kazn\u00edci<\/a>.<\/p>\n\n\n\n<p>Ak ste&nbsp;<strong>z\u00e1stupcovia obchodn\u00fdch partnerov<\/strong>, podrobnej\u0161ie inform\u00e1cie o spracov\u00e1van\u00ed Va\u0161ich \u00fadajov m\u00f4\u017eete n\u00e1js\u0165 v sekcii&nbsp;<a href=\"https:\/\/www.appgdpr.sk\/doc\/01JZ2-YNEK0-D765-ZCDW-Y9M9-C6Y2\/DIP\">Vyhl\u00e1senie o ochrane s\u00fakromia \u2013 z\u00e1stupcovia obchodn\u00fdch partnerov<\/a>.<\/p>\n\n\n\n<p>Ak ste\u00a0<strong>akcion\u00e1r, spolo\u010dn\u00edk, dozorn\u00e1 rada, kontroln\u00fd org\u00e1n<\/strong>, podrobnej\u0161ie inform\u00e1cie o spracov\u00e1van\u00ed Va\u0161ich \u00fadajov m\u00f4\u017eete n\u00e1js\u0165 v sekcii\u00a0<a href=\"https:\/\/www.appgdpr.sk\/doc\/01J3C-VGYH4-PTKY-RXF9-WKDJ-CVCW\/DIP%20Akcion%C3%A1r,%20Spolo%C4%8Dn%C3%ADk,%20Dozorn%C3%A1%20rada,%20Kontroln%C3%BD%20org%C3%A1n.html\" type=\"link\" id=\"https:\/\/www.appgdpr.sk\/doc\/01J3C-VGYH4-PTKY-RXF9-WKDJ-CVCW\/DIP%20Akcion%C3%A1r,%20Spolo%C4%8Dn%C3%ADk,%20Dozorn%C3%A1%20rada,%20Kontroln%C3%BD%20org%C3%A1n.html\">Vyhl\u00e1senie o ochrane s\u00fakromia\u00a0\u2013\u00a0akcion\u00e1r, spolo\u010dn\u00edk, dozorn\u00e1 rada, kontroln\u00fd org\u00e1n.<\/a><\/p>\n\n\n\n<p>Inform\u00e1cie o&nbsp;<strong>sprac\u00favan\u00ed cookies<\/strong>&nbsp;m\u00f4\u017eete n\u00e1js\u0165 v sekcii&nbsp;<a href=\"https:\/\/www.appgdpr.sk\/doc\/01JZ2-YRPJN-YRV1-MYX6-PBR3-15YD\/DIP\">Web a Cookies<\/a>.<\/p>\n\n\n\n<p>Preh\u013ead&nbsp;<strong>spracovate\u013esk\u00fdch \u010dinnost\u00ed prev\u00e1dzkovate\u013ea&nbsp;<\/strong>&nbsp;<a href=\"https:\/\/www.appgdpr.sk\/doc\/01JZ2-YSDS3-8CG9-C7GE-ZPCQ-DMK2\/DIP\" target=\"_blank\" rel=\"noreferrer noopener\">Preh\u013ead spracovate\u013esk\u00fdch \u010dinnost\u00ed<\/a>.<\/p>\n\n\n\n<p>Ak n\u00e1m chcete ozn\u00e1mi\u0165&nbsp;<strong>poru\u0161enie<\/strong>&nbsp;v oblasti ochrany osobn\u00fdch \u00fadajov, alebo zasla\u0165 \u017eiados\u0165 t\u00fdkaj\u00facu sa pr\u00e1v dotknutej osoby pou\u017eite e-mailov\u00fa adresu marcel.vojtko@erfolg.sk, alebo sa na n\u00e1s obr\u00e1\u0165te prostredn\u00edctvom po\u0161ty na adresu spolo\u010dnosti ERFOLG s.r.o.<\/p>\n\n\n\n<p><\/p>\n","protected":false},"excerpt":{"rendered":"<p>ERFOLG s.r.o. Hlavn\u00e1 686\/114, Kr\u00e1\u013eovsk\u00fd Chlmec 077 01 I\u010cO: 36608441 spolo\u010dnos\u0165 zap\u00edsan\u00e1 v Obchodnom registri Mestsk\u00e9ho s\u00fadu Ko\u0161ice,Oddiel: Sro, Vlo\u017eka \u010d.: 18247\/V, (\u010falej len \u201eERFOLG s.r.o.\u201c) Z\u00e1sady ochrany osobn\u00fdch \u00fadajov&#8230;<\/p>\n","protected":false},"author":1,"featured_media":0,"parent":0,"menu_order":0,"comment_status":"closed","ping_status":"open","template":"","meta":{"footnotes":""},"class_list":["post-3","page","type-page","status-publish"],"yoast_head":"<!-- This site is optimized with the Yoast SEO plugin v27.6 - https:\/\/yoast.com\/product\/yoast-seo-wordpress\/ -->\n<title>Z\u00e1sady ochrany osobn\u00fdch \u00fadajov - ERFOLG<\/title>\n<meta name=\"robots\" content=\"index, follow, max-snippet:-1, max-image-preview:large, max-video-preview:-1\" \/>\n<link rel=\"canonical\" href=\"https:\/\/www.erfolg.sk\/sk\/ochrana-sukromia\/\" \/>\n<meta property=\"og:locale\" content=\"sk_SK\" \/>\n<meta property=\"og:type\" content=\"article\" \/>\n<meta property=\"og:title\" content=\"Z\u00e1sady ochrany osobn\u00fdch \u00fadajov - ERFOLG\" \/>\n<meta property=\"og:description\" content=\"ERFOLG s.r.o. Hlavn\u00e1 686\/114, Kr\u00e1\u013eovsk\u00fd Chlmec 077 01 I\u010cO: 36608441 spolo\u010dnos\u0165 zap\u00edsan\u00e1 v Obchodnom registri Mestsk\u00e9ho s\u00fadu Ko\u0161ice,Oddiel: Sro, Vlo\u017eka \u010d.: 18247\/V, (\u010falej len \u201eERFOLG s.r.o.\u201c) Z\u00e1sady ochrany osobn\u00fdch \u00fadajov...\" \/>\n<meta property=\"og:url\" content=\"https:\/\/www.erfolg.sk\/sk\/ochrana-sukromia\/\" \/>\n<meta property=\"og:site_name\" content=\"ERFOLG\" \/>\n<meta property=\"article:publisher\" content=\"https:\/\/www.facebook.com\/ErfolgInternationaleSpedition\" \/>\n<meta property=\"article:modified_time\" content=\"2026-02-06T09:38:39+00:00\" \/>\n<meta name=\"twitter:card\" content=\"summary_large_image\" \/>\n<meta name=\"twitter:label1\" content=\"Predpokladan\u00fd \u010das \u010d\u00edtania\" \/>\n\t<meta name=\"twitter:data1\" content=\"3 min\u00faty\" \/>\n<script type=\"application\/ld+json\" class=\"yoast-schema-graph\">{\"@context\":\"https:\\\/\\\/schema.org\",\"@graph\":[{\"@type\":\"WebPage\",\"@id\":\"https:\\\/\\\/www.erfolg.sk\\\/sk\\\/ochrana-sukromia\\\/\",\"url\":\"https:\\\/\\\/www.erfolg.sk\\\/sk\\\/ochrana-sukromia\\\/\",\"name\":\"Z\u00e1sady ochrany osobn\u00fdch \u00fadajov - ERFOLG\",\"isPartOf\":{\"@id\":\"https:\\\/\\\/www.erfolg.sk\\\/sk\\\/#website\"},\"datePublished\":\"2024-10-01T12:04:14+00:00\",\"dateModified\":\"2026-02-06T09:38:39+00:00\",\"breadcrumb\":{\"@id\":\"https:\\\/\\\/www.erfolg.sk\\\/sk\\\/ochrana-sukromia\\\/#breadcrumb\"},\"inLanguage\":\"sk-SK\",\"potentialAction\":[{\"@type\":\"ReadAction\",\"target\":[\"https:\\\/\\\/www.erfolg.sk\\\/sk\\\/ochrana-sukromia\\\/\"]}]},{\"@type\":\"BreadcrumbList\",\"@id\":\"https:\\\/\\\/www.erfolg.sk\\\/sk\\\/ochrana-sukromia\\\/#breadcrumb\",\"itemListElement\":[{\"@type\":\"ListItem\",\"position\":1,\"name\":\"Home\",\"item\":\"https:\\\/\\\/www.erfolg.sk\\\/sk\\\/domov\\\/\"},{\"@type\":\"ListItem\",\"position\":2,\"name\":\"Z\u00e1sady ochrany osobn\u00fdch \u00fadajov\"}]},{\"@type\":\"WebSite\",\"@id\":\"https:\\\/\\\/www.erfolg.sk\\\/sk\\\/#website\",\"url\":\"https:\\\/\\\/www.erfolg.sk\\\/sk\\\/\",\"name\":\"ERFOLG s.r.o. - Internationale Spedition\",\"description\":\"Internationale spedition\",\"publisher\":{\"@id\":\"https:\\\/\\\/www.erfolg.sk\\\/sk\\\/#organization\"},\"potentialAction\":[{\"@type\":\"SearchAction\",\"target\":{\"@type\":\"EntryPoint\",\"urlTemplate\":\"https:\\\/\\\/www.erfolg.sk\\\/sk\\\/?s={search_term_string}\"},\"query-input\":{\"@type\":\"PropertyValueSpecification\",\"valueRequired\":true,\"valueName\":\"search_term_string\"}}],\"inLanguage\":\"sk-SK\"},{\"@type\":\"Organization\",\"@id\":\"https:\\\/\\\/www.erfolg.sk\\\/sk\\\/#organization\",\"name\":\"ERFOLG s.r.o.\",\"url\":\"https:\\\/\\\/www.erfolg.sk\\\/sk\\\/\",\"logo\":{\"@type\":\"ImageObject\",\"inLanguage\":\"sk-SK\",\"@id\":\"https:\\\/\\\/www.erfolg.sk\\\/sk\\\/#\\\/schema\\\/logo\\\/image\\\/\",\"url\":\"https:\\\/\\\/www.erfolg.sk\\\/wp-content\\\/uploads\\\/2026\\\/02\\\/logo_rgb.png\",\"contentUrl\":\"https:\\\/\\\/www.erfolg.sk\\\/wp-content\\\/uploads\\\/2026\\\/02\\\/logo_rgb.png\",\"width\":4961,\"height\":3508,\"caption\":\"ERFOLG s.r.o.\"},\"image\":{\"@id\":\"https:\\\/\\\/www.erfolg.sk\\\/sk\\\/#\\\/schema\\\/logo\\\/image\\\/\"},\"sameAs\":[\"https:\\\/\\\/www.facebook.com\\\/ErfolgInternationaleSpedition\",\"https:\\\/\\\/www.instagram.com\\\/erfolg_international_spedition\\\/\",\"https:\\\/\\\/www.youtube.com\\\/@erfolg-transportlogistic2475\"]}]}<\/script>\n<!-- \/ Yoast SEO plugin. -->","yoast_head_json":{"title":"Z\u00e1sady ochrany osobn\u00fdch \u00fadajov - ERFOLG","robots":{"index":"index","follow":"follow","max-snippet":"max-snippet:-1","max-image-preview":"max-image-preview:large","max-video-preview":"max-video-preview:-1"},"canonical":"https:\/\/www.erfolg.sk\/sk\/ochrana-sukromia\/","og_locale":"sk_SK","og_type":"article","og_title":"Z\u00e1sady ochrany osobn\u00fdch \u00fadajov - ERFOLG","og_description":"ERFOLG s.r.o. Hlavn\u00e1 686\/114, Kr\u00e1\u013eovsk\u00fd Chlmec 077 01 I\u010cO: 36608441 spolo\u010dnos\u0165 zap\u00edsan\u00e1 v Obchodnom registri Mestsk\u00e9ho s\u00fadu Ko\u0161ice,Oddiel: Sro, Vlo\u017eka \u010d.: 18247\/V, (\u010falej len \u201eERFOLG s.r.o.\u201c) Z\u00e1sady ochrany osobn\u00fdch \u00fadajov...","og_url":"https:\/\/www.erfolg.sk\/sk\/ochrana-sukromia\/","og_site_name":"ERFOLG","article_publisher":"https:\/\/www.facebook.com\/ErfolgInternationaleSpedition","article_modified_time":"2026-02-06T09:38:39+00:00","twitter_card":"summary_large_image","twitter_misc":{"Predpokladan\u00fd \u010das \u010d\u00edtania":"3 min\u00faty"},"schema":{"@context":"https:\/\/schema.org","@graph":[{"@type":"WebPage","@id":"https:\/\/www.erfolg.sk\/sk\/ochrana-sukromia\/","url":"https:\/\/www.erfolg.sk\/sk\/ochrana-sukromia\/","name":"Z\u00e1sady ochrany osobn\u00fdch \u00fadajov - ERFOLG","isPartOf":{"@id":"https:\/\/www.erfolg.sk\/sk\/#website"},"datePublished":"2024-10-01T12:04:14+00:00","dateModified":"2026-02-06T09:38:39+00:00","breadcrumb":{"@id":"https:\/\/www.erfolg.sk\/sk\/ochrana-sukromia\/#breadcrumb"},"inLanguage":"sk-SK","potentialAction":[{"@type":"ReadAction","target":["https:\/\/www.erfolg.sk\/sk\/ochrana-sukromia\/"]}]},{"@type":"BreadcrumbList","@id":"https:\/\/www.erfolg.sk\/sk\/ochrana-sukromia\/#breadcrumb","itemListElement":[{"@type":"ListItem","position":1,"name":"Home","item":"https:\/\/www.erfolg.sk\/sk\/domov\/"},{"@type":"ListItem","position":2,"name":"Z\u00e1sady ochrany osobn\u00fdch \u00fadajov"}]},{"@type":"WebSite","@id":"https:\/\/www.erfolg.sk\/sk\/#website","url":"https:\/\/www.erfolg.sk\/sk\/","name":"ERFOLG s.r.o. - Internationale Spedition","description":"Internationale spedition","publisher":{"@id":"https:\/\/www.erfolg.sk\/sk\/#organization"},"potentialAction":[{"@type":"SearchAction","target":{"@type":"EntryPoint","urlTemplate":"https:\/\/www.erfolg.sk\/sk\/?s={search_term_string}"},"query-input":{"@type":"PropertyValueSpecification","valueRequired":true,"valueName":"search_term_string"}}],"inLanguage":"sk-SK"},{"@type":"Organization","@id":"https:\/\/www.erfolg.sk\/sk\/#organization","name":"ERFOLG s.r.o.","url":"https:\/\/www.erfolg.sk\/sk\/","logo":{"@type":"ImageObject","inLanguage":"sk-SK","@id":"https:\/\/www.erfolg.sk\/sk\/#\/schema\/logo\/image\/","url":"https:\/\/www.erfolg.sk\/wp-content\/uploads\/2026\/02\/logo_rgb.png","contentUrl":"https:\/\/www.erfolg.sk\/wp-content\/uploads\/2026\/02\/logo_rgb.png","width":4961,"height":3508,"caption":"ERFOLG s.r.o."},"image":{"@id":"https:\/\/www.erfolg.sk\/sk\/#\/schema\/logo\/image\/"},"sameAs":["https:\/\/www.facebook.com\/ErfolgInternationaleSpedition","https:\/\/www.instagram.com\/erfolg_international_spedition\/","https:\/\/www.youtube.com\/@erfolg-transportlogistic2475"]}]}},"_links":{"self":[{"href":"https:\/\/www.erfolg.sk\/sk\/wp-json\/wp\/v2\/pages\/3","targetHints":{"allow":["GET"]}}],"collection":[{"href":"https:\/\/www.erfolg.sk\/sk\/wp-json\/wp\/v2\/pages"}],"about":[{"href":"https:\/\/www.erfolg.sk\/sk\/wp-json\/wp\/v2\/types\/page"}],"author":[{"embeddable":true,"href":"https:\/\/www.erfolg.sk\/sk\/wp-json\/wp\/v2\/users\/1"}],"replies":[{"embeddable":true,"href":"https:\/\/www.erfolg.sk\/sk\/wp-json\/wp\/v2\/comments?post=3"}],"version-history":[{"count":2,"href":"https:\/\/www.erfolg.sk\/sk\/wp-json\/wp\/v2\/pages\/3\/revisions"}],"predecessor-version":[{"id":5258,"href":"https:\/\/www.erfolg.sk\/sk\/wp-json\/wp\/v2\/pages\/3\/revisions\/5258"}],"wp:attachment":[{"href":"https:\/\/www.erfolg.sk\/sk\/wp-json\/wp\/v2\/media?parent=3"}],"curies":[{"name":"wp","href":"https:\/\/api.w.org\/{rel}","templated":true}]}}